{"id":752,"date":"2024-06-04T20:40:27","date_gmt":"2024-06-05T02:40:27","guid":{"rendered":"https:\/\/redzibata.org\/?page_id=752"},"modified":"2025-03-18T21:28:58","modified_gmt":"2025-03-19T03:28:58","slug":"galeria-de-honor-reconociendo-a-quienes-han-dejado-huella","status":"publish","type":"page","link":"https:\/\/monitorvecinal.org\/index.php\/galeria-de-honor-reconociendo-a-quienes-han-dejado-huella\/","title":{"rendered":"Galer\u00eda de honor"},"content":{"rendered":"\n<p>En MONITOR VECINAL ZIBAT\u00c1 nos sentimos profundamente orgullosos del equipo que ha contribuido a lo largo de nuestra historia. Cada persona que ha formado parte de este colectivo ha dejado una huella imborrable, aportando su talento, pasi\u00f3n y compromiso para construir lo que ahora somos.<\/p>\n\n\n\n<p>A trav\u00e9s de esta secci\u00f3n, queremos expresar nuestro m\u00e1s sincero agradecimiento a todos aqu\u00e9llos que han formado parte de nuestro camino. Su dedicaci\u00f3n, esfuerzo y esp\u00edritu colaborativo han sido pilares fundamentales en el crecimiento y la consolidaci\u00f3n de esta organizaci\u00f3n.<\/p>\n\n\n\n<p>Esta lista es un peque\u00f1o homenaje a la invaluable contribuci\u00f3n que hicieron a lo largo de los dos a\u00f1os de compromiso y dedicaci\u00f3n; es un recordatorio tangible de que su talento y pasi\u00f3n ha contribuido a mejorar la seguridad y calidad de vida de la comunidad zibatense.<\/p>\n\n\n\n<h2 class=\"wp-block-heading has-text-align-center\">GENERACI\u00d3N FUNDACIONAL <\/h2>\n\n\n\n<p class=\"has-text-align-center\">Coordinador: Martha Patricia Garc\u00eda Tello (Primera etapa) y Salom\u00e9 Patricia Partida Montes de Oca (Etapa de transici\u00f3n)<\/p>\n\n\n\n<div class=\"wp-block-columns is-layout-flex wp-container-core-columns-is-layout-9d6595d7 wp-block-columns-is-layout-flex\" style=\"border-radius:0px\">\n<div class=\"wp-block-column has-primary-color has-text-color has-link-color wp-elements-44f34bf4f480d35ac2c1814f363bb5e8 is-layout-flow wp-block-column-is-layout-flow\" style=\"padding-top:0;padding-bottom:0\">\n<h3 class=\"wp-block-heading has-text-align-center\">COLABORADOR<\/h3>\n\n\n\n<p class=\"has-text-align-center\">M. Patricia Garc\u00eda &#8211; C. DE SEGURIDAD<\/p>\n\n\n\n<p class=\"has-text-align-center\">Carlos A. Bl\u00e9 &#8211; C. DE SEGURIDAD<\/p>\n\n\n\n<p class=\"has-text-align-center\">Mario F. D\u00edaz &#8211; C. DE SEGURIDAD<\/p>\n\n\n\n<p class=\"has-text-align-center\">Enrique J. Prats &#8211; C. DE SEGURIDAD<\/p>\n\n\n\n<p class=\"has-text-align-center\">Eduardo J. Rosales &#8211; C. DE LEGALIDAD<\/p>\n\n\n\n<p class=\"has-text-align-center\">Patricia Partida &#8211; C. DE COMUNICACI\u00d3N<\/p>\n\n\n\n<p class=\"has-text-align-center\">Maxime Chambreuil &#8211; C. DE LEGALIDAD<\/p>\n\n\n\n<p class=\"has-text-align-center\">S. Arturo Gonz\u00e1lez &#8211; C. DE LEGALIDAD<\/p>\n\n\n\n<p class=\"has-text-align-center\">Adriana Leal &#8211; C. DE COMUNICACI\u00d3N<\/p>\n\n\n\n<p><\/p>\n<\/div>\n\n\n\n<div class=\"wp-block-column has-primary-color has-text-color has-link-color wp-elements-373058d8f91ca1518ec7d2904e2927c5 is-layout-flow wp-block-column-is-layout-flow\" style=\"padding-top:0;padding-bottom:0\">\n<h3 class=\"wp-block-heading has-text-align-center\">PRIVADA<\/h3>\n\n\n\n<p class=\"has-text-align-center\">El Canto<\/p>\n\n\n\n<p class=\"has-text-align-center\">Cactus<\/p>\n\n\n\n<p class=\"has-text-align-center\">Azhala<\/p>\n\n\n\n<p class=\"has-text-align-center\">Thandi<\/p>\n\n\n\n<p class=\"has-text-align-center\">Samare II<\/p>\n\n\n\n<p class=\"has-text-align-center\">Quetzal<\/p>\n\n\n\n<p class=\"has-text-align-center\">Artessa<\/p>\n\n\n\n<p class=\"has-text-align-center\">Paseo Mir\u00f3<\/p>\n\n\n\n<p class=\"has-text-align-center\">Opuntia<\/p>\n<\/div>\n\n\n\n<div class=\"wp-block-column has-primary-color has-text-color has-link-color wp-elements-582129b6849cbb4cccf3a69a1fa2fe9e is-layout-flow wp-block-column-is-layout-flow\" style=\"padding-top:0;padding-bottom:0\">\n<h3 class=\"wp-block-heading has-text-align-center\">PER\u00cdODO<\/h3>\n\n\n\n<p class=\"has-text-align-center\">2019-2021<\/p>\n\n\n\n<p class=\"has-text-align-center\">2019-2021<\/p>\n\n\n\n<p class=\"has-text-align-center\">2019-2021<\/p>\n\n\n\n<p class=\"has-text-align-center\">2019-2021<\/p>\n\n\n\n<p class=\"has-text-align-center\">2019-2021<\/p>\n\n\n\n<p class=\"has-text-align-center\">2019-2021<\/p>\n\n\n\n<p class=\"has-text-align-center\">2019-2021<\/p>\n\n\n\n<p class=\"has-text-align-center\">2019-2021<\/p>\n\n\n\n<p class=\"has-text-align-center\">2019-2021<\/p>\n\n\n\n<p><\/p>\n<\/div>\n<\/div>\n\n\n\n<h3 class=\"wp-block-heading has-text-align-center\">Aportaci\u00f3n Generacional<\/h3>\n\n\n\n<p class=\"has-text-align-center\">\u00c9sta fue la generaci\u00f3n que construy\u00f3 los cimientos de nuestra organizaci\u00f3n, bajo el nombre de Red Ciudadana de la Colonia Zibat\u00e1. Fue una generaci\u00f3n visionaria, a la que le toc\u00f3 reflexionar y conformar la visi\u00f3n, la misi\u00f3n, los objetivos, los valores, el c\u00f3digo de \u00e9tica, el reglamento interno. Gestion\u00f3 y consolid\u00f3 la relaci\u00f3n entre la Red Ciudadana y la Secretar\u00eda de Seguridad del Marqu\u00e9s, y su Direcci\u00f3n de Prevenci\u00f3n del Delito, con la cual inici\u00f3 diversos talleres con participaci\u00f3n ciudadana. Esta generaci\u00f3n aport\u00f3 el dominio para la p\u00e1gina de internet, el logotipo, el folleto y el formato de adhesi\u00f3n.<\/p>\n\n\n\n<hr class=\"wp-block-separator has-alpha-channel-opacity\"\/>\n\n\n\n<h2 class=\"wp-block-heading has-text-align-center\">2da GENERACI\u00d3N<\/h2>\n\n\n\n<p class=\"has-text-align-center\">Coordinador: Salom\u00e9 Patricia Partida Montes de Oca (Etapa de transici\u00f3n) y Adriana Elena Leal Holohlavsky (Segunda etapa)<\/p>\n\n\n\n<div class=\"wp-block-columns is-layout-flex wp-container-core-columns-is-layout-9d6595d7 wp-block-columns-is-layout-flex\" style=\"border-radius:0px\">\n<div class=\"wp-block-column has-primary-color has-text-color has-link-color wp-elements-95c5640a19e0a38c4ada6dfc11d1d9df is-layout-flow wp-block-column-is-layout-flow\" style=\"padding-top:0;padding-bottom:0\">\n<h3 class=\"wp-block-heading has-text-align-center\">COLABORADOR<\/h3>\n\n\n\n<p class=\"has-text-align-center has-x-small-font-size\">Adriana Leal &#8211; C. DE CONCIENCIA Y FORMACI\u00d3N<\/p>\n\n\n\n<p class=\"has-text-align-center has-x-small-font-size\">Blanca Paredes &#8211; C. DE RELACIONES P\u00daBLICAS<\/p>\n\n\n\n<p class=\"has-text-align-center has-x-small-font-size\">Javier Barba &#8211; C. DE LEGALIDAD<\/p>\n\n\n\n<p class=\"has-text-align-center has-x-small-font-size\">David Diego &#8211; C. DE SISTEMAS<\/p>\n\n\n\n<p class=\"has-text-align-center has-x-small-font-size\">Julieta L\u00f3pez &#8211; C. DE COMUNICACI\u00d3N<\/p>\n\n\n\n<p class=\"has-text-align-center has-x-small-font-size\">No\u00e9 S\u00e1nchez &#8211; C. DE SEGURIDAD<\/p>\n\n\n\n<p class=\"has-text-align-center has-x-small-font-size\">COMUNITARIA<\/p>\n\n\n\n<p class=\"has-text-align-center\"><\/p>\n\n\n\n<p><\/p>\n<\/div>\n\n\n\n<div class=\"wp-block-column has-primary-color has-text-color has-link-color wp-elements-ecfd3f279946b0ee3ab867853782a79b is-layout-flow wp-block-column-is-layout-flow\" style=\"padding-top:0;padding-bottom:0\">\n<h3 class=\"wp-block-heading has-text-align-center\">PRIVADA<\/h3>\n\n\n\n<p class=\"has-text-align-center has-x-small-font-size\">Opuntia<\/p>\n\n\n\n<p class=\"has-text-align-center has-x-small-font-size\">Figu\u00e9<\/p>\n\n\n\n<p class=\"has-text-align-center has-x-small-font-size\">Thandi<\/p>\n\n\n\n<p class=\"has-text-align-center has-x-small-font-size\">Biznaga<\/p>\n\n\n\n<p class=\"has-text-align-center has-x-small-font-size\">Figu\u00e9<\/p>\n\n\n\n<p class=\"has-text-align-center has-x-small-font-size\">Pitahayas<\/p>\n\n\n\n<p class=\"has-text-align-center has-x-small-font-size\"><\/p>\n\n\n\n<p class=\"has-text-align-center\"><\/p>\n<\/div>\n\n\n\n<div class=\"wp-block-column has-primary-color has-text-color has-link-color wp-elements-53e1779ef436b072d22a9ffeb457fc69 is-layout-flow wp-block-column-is-layout-flow\" style=\"padding-top:0;padding-bottom:0\">\n<h3 class=\"wp-block-heading has-text-align-center\">PER\u00cdODO<\/h3>\n\n\n\n<p class=\"has-text-align-center has-x-small-font-size\">2021-2024<\/p>\n\n\n\n<p class=\"has-text-align-center has-x-small-font-size\">2021-2023<\/p>\n\n\n\n<p class=\"has-text-align-center has-x-small-font-size\">2021-2024<\/p>\n\n\n\n<p class=\"has-text-align-center has-x-small-font-size\">2022-2024<\/p>\n\n\n\n<p class=\"has-text-align-center has-x-small-font-size\">2022-2024<\/p>\n\n\n\n<p class=\"has-text-align-center has-x-small-font-size\">2022-2024<\/p>\n\n\n\n<p class=\"has-text-align-center has-x-small-font-size\"><\/p>\n\n\n\n<p class=\"has-text-align-center\"><\/p>\n\n\n\n<p><\/p>\n<\/div>\n<\/div>\n\n\n\n<h3 class=\"wp-block-heading has-text-align-center\">Aportaci\u00f3n Generacional<\/h3>\n\n\n\n<p class=\"has-text-align-center\">Esta segunda generaci\u00f3n empez\u00f3 a construir sobre los cimientos de la fundacional. Fue una generaci\u00f3n muy talentosa y profesional, a la que le toc\u00f3 posicionar a la Red Ciudadana tanto al interior de Zibat\u00e1, como al exterior. Inici\u00f3 las Mesas de Trabajo con Supraterra, consolidando tambi\u00e9n relaci\u00f3n con Diputaci\u00f3n Local y Presidencia Municipal, con quien trajo a Zibat\u00e1 las actividades deportivas y culturales. Trabaj\u00f3 en los contenidos y dise\u00f1o de la p\u00e1gina web, el formato de las sesiones informativas, as\u00ed como las asesor\u00edas a privadas en materia de seguridad y organizaci\u00f3n vecinal; comenz\u00f3 las Charlas Vecinales, para crear conciencia de participaci\u00f3n ciudadana, ante los desaf\u00edos de convivencia actual; aport\u00f3 el v\u00eddeo &#8220;Qu\u00e9 es la Red Ciudadana&#8221; y desarroll\u00f3 los &#8220;Protocolos de Actuaci\u00f3n para Vigilantes&#8221;.<\/p>\n\n\n\n<p><\/p>\n\n\n\n<p><\/p>\n","protected":false},"excerpt":{"rendered":"<p>En MONITOR VECINAL ZIBAT&Aacute; nos sentimos profundamente orgullosos del equipo que ha contribuido a lo largo de nuestra historia. Cada persona que ha formado parte de este colectivo ha dejado [&hellip;]<\/p>\n","protected":false},"author":2,"featured_media":756,"parent":0,"menu_order":0,"comment_status":"closed","ping_status":"closed","template":"","meta":{"saved_in_kubio":false,"footnotes":""},"class_list":["post-752","page","type-page","status-publish","has-post-thumbnail","hentry"],"kubio_ai_page_context":{"short_desc":"","purpose":"general"},"_links":{"self":[{"href":"https:\/\/monitorvecinal.org\/index.php\/wp-json\/wp\/v2\/pages\/752","targetHints":{"allow":["GET"]}}],"collection":[{"href":"https:\/\/monitorvecinal.org\/index.php\/wp-json\/wp\/v2\/pages"}],"about":[{"href":"https:\/\/monitorvecinal.org\/index.php\/wp-json\/wp\/v2\/types\/page"}],"author":[{"embeddable":true,"href":"https:\/\/monitorvecinal.org\/index.php\/wp-json\/wp\/v2\/users\/2"}],"replies":[{"embeddable":true,"href":"https:\/\/monitorvecinal.org\/index.php\/wp-json\/wp\/v2\/comments?post=752"}],"version-history":[{"count":9,"href":"https:\/\/monitorvecinal.org\/index.php\/wp-json\/wp\/v2\/pages\/752\/revisions"}],"predecessor-version":[{"id":1440,"href":"https:\/\/monitorvecinal.org\/index.php\/wp-json\/wp\/v2\/pages\/752\/revisions\/1440"}],"wp:featuredmedia":[{"embeddable":true,"href":"https:\/\/monitorvecinal.org\/index.php\/wp-json\/wp\/v2\/media\/756"}],"wp:attachment":[{"href":"https:\/\/monitorvecinal.org\/index.php\/wp-json\/wp\/v2\/media?parent=752"}],"curies":[{"name":"wp","href":"https:\/\/api.w.org\/{rel}","templated":true}]}}