{"id":1138,"date":"2024-10-09T11:12:19","date_gmt":"2024-10-09T17:12:19","guid":{"rendered":"https:\/\/redzibata.org\/?page_id=1138"},"modified":"2025-03-18T21:18:10","modified_gmt":"2025-03-19T03:18:10","slug":"filosofia-de-la-rccz","status":"publish","type":"page","link":"https:\/\/monitorvecinal.org\/index.php\/filosofia-de-la-rccz\/","title":{"rendered":"Nuestra filosof\u00eda"},"content":{"rendered":"\n<p>Los integrantes de MONITOR VECINAL ZIBAT\u00c1 practicamos la &#8220;bonhom\u00eda&#8221;:\u00a0vocablo proveniente del franc\u00e9s\u00a0<em>Bonhomie<\/em>, que hace referencia a la pr\u00e1ctica de la bondad, la cordialidad, la humildad, la compasi\u00f3n, la honradez y la sencillez. Apelar a ella significa contribuir a un bienestar colectivo y abrir caminos para que los conflictos sociales se resuelvan con solidaridad, consenso y empat\u00eda.\u00a0<\/p>\n\n\n\n<p>\u00bfC\u00f3mo ser\u00eda el mundo si todos practic\u00e1ramos la bonhom\u00eda en nuestros entornos y la plasm\u00e1ramos en nuestros proyectos?&nbsp;<\/p>\n\n\n\n<p>Lamentablemente vivimos en un mundo en el que el consumismo, el materialismo y el individualismo han erosionado la sensibilidad humana y la capacidad de mirar y considerar al otro, en t\u00e9rminos de igualdad. Se ha perdido la buena costumbre de conocer a nuestros vecinos, saludarlos y considerarlos con amabilidad, cortes\u00eda y respeto. Tambi\u00e9n se ha perdido el inter\u00e9s de participar en tareas con objetivos comunitarios, y mucho m\u00e1s en atender con responsabilidad, protocolos y reglamentos en beneficio de la colectividad. El egocentrismo en el que vive el ciudadano contempor\u00e1neo, atrae con facilidad el arribo del oportunismo, al encontrarse distra\u00eddo en s\u00ed mismo.<\/p>\n\n\n\n<p>\u00c9ste es el principal desaf\u00edo de MONITOR VECINAL ZIBAT\u00c1, consciente de que la mejor protecci\u00f3n est\u00e1 en las redes vecinales organizadas, sensibles y bien comunicadas. Convencidos estamos de que la protecci\u00f3n no vendr\u00e1 de entidades externas, sino de precauciones y cuidados internos.<\/p>\n\n\n\n<p>Por otro lado, apercibidos de la dualidad natural del ser humano, siempre conflictuado entre la dicotom\u00eda del ego y la conciencia, MONITOR VECINAL ZIBAT\u00c1 pretende dar cauce a tareas y din\u00e1micas que atraigan a los residentes hacia la pr\u00e1ctica de los valores del amor, donde la conciencia sea el eje rector de las tareas: orden, diligencia, direcci\u00f3n, acci\u00f3n, voluntad, creatividad, servicio, cuidado, honestidad, veracidad y confiabilidad, entre muchos otros enfocados en la edificaci\u00f3n de personas felices y la construcci\u00f3n de entornos saludables, en aras de facilitar la paz y la expansi\u00f3n del ser. En contra posici\u00f3n, buscaremos siempre combatir los antivalores: la destrucci\u00f3n, la opresi\u00f3n, el control y todos aquellos empe\u00f1ados en producir miedo y reducir las capacidades del individuo y las familias.<\/p>\n\n\n\n<p>Con esta filosof\u00eda claramente planteada, es f\u00e1cil encontrar directriz para dise\u00f1ar y conducir estrategias en beneficio de la comunidad. La conciencia social es el eje rector de MONITOR VECINAL ZIBAT\u00c1 y, a quienes comparten esta misma filosof\u00eda, es a quienes deseamos atraer, invitando tambi\u00e9n a aqu\u00e9llos que deseen experimentarla de nuevo o por primera vez.\u00a0<\/p>\n\n\n\n<p><\/p>\n\n\n\n<p><\/p>\n","protected":false},"excerpt":{"rendered":"<p>Los integrantes de MONITOR VECINAL ZIBAT&Aacute; practicamos la &ldquo;bonhom&iacute;a&rdquo;:&nbsp;vocablo proveniente del franc&eacute;s&nbsp;Bonhomie, que hace referencia a la pr&aacute;ctica de la bondad, la cordialidad, la humildad, la compasi&oacute;n, la honradez y [&hellip;]<\/p>\n","protected":false},"author":8,"featured_media":1148,"parent":0,"menu_order":0,"comment_status":"closed","ping_status":"closed","template":"","meta":{"saved_in_kubio":false,"footnotes":""},"class_list":["post-1138","page","type-page","status-publish","has-post-thumbnail","hentry"],"kubio_ai_page_context":{"short_desc":"","purpose":"general"},"_links":{"self":[{"href":"https:\/\/monitorvecinal.org\/index.php\/wp-json\/wp\/v2\/pages\/1138","targetHints":{"allow":["GET"]}}],"collection":[{"href":"https:\/\/monitorvecinal.org\/index.php\/wp-json\/wp\/v2\/pages"}],"about":[{"href":"https:\/\/monitorvecinal.org\/index.php\/wp-json\/wp\/v2\/types\/page"}],"author":[{"embeddable":true,"href":"https:\/\/monitorvecinal.org\/index.php\/wp-json\/wp\/v2\/users\/8"}],"replies":[{"embeddable":true,"href":"https:\/\/monitorvecinal.org\/index.php\/wp-json\/wp\/v2\/comments?post=1138"}],"version-history":[{"count":6,"href":"https:\/\/monitorvecinal.org\/index.php\/wp-json\/wp\/v2\/pages\/1138\/revisions"}],"predecessor-version":[{"id":1435,"href":"https:\/\/monitorvecinal.org\/index.php\/wp-json\/wp\/v2\/pages\/1138\/revisions\/1435"}],"wp:featuredmedia":[{"embeddable":true,"href":"https:\/\/monitorvecinal.org\/index.php\/wp-json\/wp\/v2\/media\/1148"}],"wp:attachment":[{"href":"https:\/\/monitorvecinal.org\/index.php\/wp-json\/wp\/v2\/media?parent=1138"}],"curies":[{"name":"wp","href":"https:\/\/api.w.org\/{rel}","templated":true}]}}